{"id":195,"date":"2015-01-15T15:49:51","date_gmt":"2015-01-15T15:49:51","guid":{"rendered":"http:\/\/themes.muffingroup.com\/be\/spa\/?page_id=2"},"modified":"2022-09-23T11:48:52","modified_gmt":"2022-09-23T14:48:52","slug":"home-2","status":"publish","type":"page","link":"https:\/\/bioquantico.com\/website\/","title":{"rendered":"Home"},"content":{"rendered":"<p>Cl\u00ednica de Sa\u00fade Integrativa, onde voc\u00ea cuida do seu ser como um todo: f\u00edsico, emocional e mental, tudo em um s\u00f3 lugar e de forma integrada!<br \/>\nNossa vis\u00e3o: &#8220;Se voc\u00ea quiser descobrir os segredos da SA\u00daDE, pense em termos de energia, frequ\u00eancia e vibra\u00e7\u00e3o.&#8221;<\/p>\n","protected":false},"excerpt":{"rendered":"<p>Cl\u00ednica de Sa\u00fade Integrativa, onde voc\u00ea cuida do seu ser como um todo: f\u00edsico, emocional e mental, tudo em um s\u00f3 lugar e de forma integrada!<span class=\"excerpt-hellip\"> [\u2026]<\/span><\/p>\n","protected":false},"author":1,"featured_media":0,"parent":0,"menu_order":0,"comment_status":"open","ping_status":"open","template":"","meta":{"om_disable_all_campaigns":false,"_monsterinsights_skip_tracking":false,"_monsterinsights_sitenote_active":false,"_monsterinsights_sitenote_note":"","_monsterinsights_sitenote_category":0,"footnotes":""},"class_list":["post-195","page","type-page","status-publish","hentry"],"aioseo_notices":[],"_links":{"self":[{"href":"https:\/\/bioquantico.com\/website\/wp-json\/wp\/v2\/pages\/195","targetHints":{"allow":["GET"]}}],"collection":[{"href":"https:\/\/bioquantico.com\/website\/wp-json\/wp\/v2\/pages"}],"about":[{"href":"https:\/\/bioquantico.com\/website\/wp-json\/wp\/v2\/types\/page"}],"author":[{"embeddable":true,"href":"https:\/\/bioquantico.com\/website\/wp-json\/wp\/v2\/users\/1"}],"replies":[{"embeddable":true,"href":"https:\/\/bioquantico.com\/website\/wp-json\/wp\/v2\/comments?post=195"}],"version-history":[{"count":5,"href":"https:\/\/bioquantico.com\/website\/wp-json\/wp\/v2\/pages\/195\/revisions"}],"predecessor-version":[{"id":481,"href":"https:\/\/bioquantico.com\/website\/wp-json\/wp\/v2\/pages\/195\/revisions\/481"}],"wp:attachment":[{"href":"https:\/\/bioquantico.com\/website\/wp-json\/wp\/v2\/media?parent=195"}],"curies":[{"name":"wp","href":"https:\/\/api.w.org\/{rel}","templated":true}]}}