{"id":68,"date":"2020-07-01T10:15:44","date_gmt":"2020-07-01T10:15:44","guid":{"rendered":"https:\/\/themes.muffingroup.com\/be\/clinic4\/?page_id=3"},"modified":"2025-07-22T15:27:19","modified_gmt":"2025-07-22T18:27:19","slug":"privacy-policy","status":"publish","type":"page","link":"https:\/\/bioquantico.com\/website\/privacy-policy\/","title":{"rendered":"Politica de Privacidade"},"content":{"rendered":"<p>**Pol\u00edtica de Privacidade**<\/p>\n<p>&nbsp;<\/p>\n<p>\u00daltima Atualiza\u00e7\u00e3o: 18 de junho de 2025<\/p>\n<p>&nbsp;<\/p>\n<p>A sua privacidade \u00e9 importante para n\u00f3s. \u00c9 pol\u00edtica do Bioquantico (&#8220;n\u00f3s&#8221;, &#8220;nosso&#8221;, &#8220;conosco&#8221;) respeitar a sua privacidade em rela\u00e7\u00e3o a qualquer informa\u00e7\u00e3o sua que possamos coletar em nosso site, <a href=\"http:\/\/www.bioquantico.com\">www.bioquantico.com<\/a>, e outros sites que possu\u00edmos e operamos.<\/p>\n<p>**1. Controlador de Dados**<\/p>\n<p>O controlador dos seus dados pessoais \u00e9 Bioquantico N\u00facleo Avan\u00e7ado de Sa\u00fade Integrada Ltda, com sede em Rua Orlando Caliman, 322, Jardim Camburi, Vit\u00f3ria, ES, Brasil. Voc\u00ea pode entrar em contato conosco para quest\u00f5es relacionadas \u00e0 privacidade atrav\u00e9s do e-mail: privacidade@bioquantico.com.<\/p>\n<p>**2. Coleta e Uso de Informa\u00e7\u00f5es Pessoais**<\/p>\n<p>Coletamos informa\u00e7\u00f5es pessoais por meios justos e legais, com o seu conhecimento e consentimento. Tamb\u00e9m informamos por que estamos coletando e como ser\u00e1 usado. Solicitamos informa\u00e7\u00f5es pessoais apenas quando realmente precisamos delas para fornecer um servi\u00e7o (ex: para criar uma conta, assinar um boletim informativo, processar um pedido).<\/p>\n<p>**Tipos de Dados Coletados:**<\/p>\n<p>*\u00a0\u00a0 **Informa\u00e7\u00f5es fornecidas diretamente por voc\u00ea:** Incluem dados como seu nome, endere\u00e7o de e-mail, telefone e informa\u00e7\u00f5es de pagamento, fornecidos ao preencher formul\u00e1rios, criar uma conta, assinar um boletim, fazer uma compra ou participar de pesquisas.<\/p>\n<p>*\u00a0\u00a0 **Dados coletados automaticamente:** Incluem informa\u00e7\u00f5es coletadas atrav\u00e9s de cookies e outras tecnologias de rastreamento durante a sua navega\u00e7\u00e3o em nosso site, como endere\u00e7o IP (que pode ser anonimizado), tipo de navegador, p\u00e1ginas visitadas, tempo gasto em p\u00e1ginas, links clicados e dados de localiza\u00e7\u00e3o aproximada.<\/p>\n<p>*\u00a0\u00a0 **Informa\u00e7\u00f5es de terceiros:** Podemos receber informa\u00e7\u00f5es sobre voc\u00ea de terceiros, como parceiros de an\u00e1lise (ex: Google Analytics) ou servi\u00e7os de publicidade, sempre em conformidade com as suas respectivas pol\u00edticas de privacidade.<\/p>\n<p>**Finalidade do Uso dos Dados e Base Legal:**<\/p>\n<p>Utilizamos as informa\u00e7\u00f5es coletadas para diversas finalidades, com base nas seguintes bases legais:<\/p>\n<p>*\u00a0\u00a0 **Para fornecer e gerenciar servi\u00e7os (Execu\u00e7\u00e3o de Contrato):** Utilizar suas informa\u00e7\u00f5es para criar sua conta, processar pedidos, enviar comunica\u00e7\u00f5es relacionadas ao servi\u00e7o e fornecer suporte.<\/p>\n<p>*\u00a0\u00a0 **Para melhorar a experi\u00eancia do usu\u00e1rio e o site (Interesse Leg\u00edtimo ou Consentimento):** Analisar como o site \u00e9 usado para otimiz\u00e1-lo, personalizar sua experi\u00eancia e desenvolver novos recursos. Utilizamos dados agregados e\/ou pseudonimizados sempre que poss\u00edvel.<\/p>\n<p>*\u00a0\u00a0 **Para comunica\u00e7\u00e3o (Consentimento ou Interesse Leg\u00edtimo):** Enviar boletins informativos, atualiza\u00e7\u00f5es ou informa\u00e7\u00f5es de marketing (quando voc\u00ea consentiu) e responder a suas perguntas ou solicita\u00e7\u00f5es de suporte.<\/p>\n<p>*\u00a0\u00a0 **Para conformidade legal (Obriga\u00e7\u00e3o Legal):** Cumprir com obriga\u00e7\u00f5es legais e regulat\u00f3rias aplic\u00e1veis.<\/p>\n<p>**3. Compartilhamento de Dados com Terceiros**<\/p>\n<p>N\u00e3o compartilhamos informa\u00e7\u00f5es de identifica\u00e7\u00e3o pessoal (como seu nome ou e-mail direto) publicamente ou com terceiros, *exceto* nas seguintes circunst\u00e2ncias:<\/p>\n<p>*\u00a0\u00a0 Quando exigido por lei (ex: responder a ordens judiciais ou processos legais).<\/p>\n<p>*\u00a0\u00a0 Com prestadores de servi\u00e7os terceirizados que nos auxiliam na opera\u00e7\u00e3o do site e na presta\u00e7\u00e3o de servi\u00e7os (ex: processadores de pagamento, servi\u00e7os de an\u00e1lise, plataformas de e-mail marketing). Esses prestadores s\u00e3o contratualmente obrigados a proteger seus dados e utiliz\u00e1-los apenas para as finalidades acordadas.<\/p>\n<p>*\u00a0\u00a0 Com parceiros de an\u00e1lise e publicidade, conforme detalhado na se\u00e7\u00e3o de Cookies e Tecnologias de Rastreamento.<\/p>\n<p>\u00c9 importante esclarecer que, embora n\u00e3o compartilhemos suas informa\u00e7\u00f5es de identifica\u00e7\u00e3o pessoal direta, dados de navega\u00e7\u00e3o e uso (geralmente agregados ou pseudonimizados) podem ser compartilhados com parceiros atrav\u00e9s do uso de cookies de terceiros, conforme descrito abaixo.<\/p>\n<p>**4. Uso de Cookies e Tecnologias de Rastreamento**<\/p>\n<p>Utilizamos cookies e tecnologias de rastreamento similares para melhorar a sua experi\u00eancia no nosso site.<\/p>\n<p>**O que s\u00e3o cookies?**<\/p>\n<p>Cookies s\u00e3o pequenos arquivos de texto armazenados no seu dispositivo que cont\u00eam informa\u00e7\u00f5es sobre a sua navega\u00e7\u00e3o. Eles s\u00e3o usados para diversas finalidades, como lembrar suas prefer\u00eancias, analisar o tr\u00e1fego do site e personalizar conte\u00fado.<\/p>\n<p>**Tipos de Cookies que Podemos Utilizar:**<\/p>\n<p>*\u00a0\u00a0 **Cookies Estritamente Necess\u00e1rios:** Essenciais para o funcionamento b\u00e1sico do site (ex: cookies de sess\u00e3o para manter voc\u00ea logado).<\/p>\n<p>*\u00a0\u00a0 **Cookies de Conta e Login:** Usados para gerenciar o processo de inscri\u00e7\u00e3o e determinar se voc\u00ea est\u00e1 logado, permitindo acesso a \u00e1reas restritas.<\/p>\n<p>*\u00a0\u00a0 **Cookies relacionados a Boletins Informativos por E-mail:** Utilizados para lembrar se voc\u00ea j\u00e1 est\u00e1 registrado e se deve mostrar certas notifica\u00e7\u00f5es v\u00e1lidas apenas para usu\u00e1rios inscritos\/n\u00e3o inscritos.<\/p>\n<p>*\u00a0\u00a0 **Cookies de Processamento de Pedidos:** Se o site oferece com\u00e9rcio eletr\u00f4nico ou facilidades de pagamento, alguns cookies s\u00e3o essenciais para garantir que o seu pedido seja lembrado entre as p\u00e1ginas.<\/p>\n<p>*\u00a0\u00a0 **Cookies de Pesquisas:** Podemos oferecer pesquisas e question\u00e1rios para fornecer insights interessantes, ferramentas \u00fateis ou para entender nossa base de usu\u00e1rios com mais precis\u00e3o. Esses cookies podem ser usados para lembrar quem j\u00e1 participou de uma pesquisa ou para fornecer resultados precisos ap\u00f3s a mudan\u00e7a de p\u00e1gina.<\/p>\n<p>*\u00a0\u00a0 **Cookies de Formul\u00e1rios:** Quando voc\u00ea envia dados para um formul\u00e1rio, como os encontrados nas p\u00e1ginas de contato ou formul\u00e1rios de coment\u00e1rios, cookies podem ser configurados para lembrar os detalhes do usu\u00e1rio para correspond\u00eancia futura.<\/p>\n<p>*\u00a0\u00a0 **Cookies de Prefer\u00eancias do Site:** Para proporcionar uma \u00f3tima experi\u00eancia, oferecemos a funcionalidade de definir suas prefer\u00eancias de uso. Cookies s\u00e3o necess\u00e1rios para lembrar suas prefer\u00eancias e aplic\u00e1-las sempre que voc\u00ea interagir com uma p\u00e1gina afetada.<\/p>\n<p>**Cookies de Terceiros:**<\/p>\n<p>Em alguns casos especiais, tamb\u00e9m usamos cookies fornecidos por terceiros confi\u00e1veis.<\/p>\n<p>*\u00a0\u00a0 **Google Analytics:** Utilizamos o Google Analytics, um servi\u00e7o de an\u00e1lise web fornecido pelo Google Ireland Limited (se usu\u00e1rios da UE\/EEE\/Su\u00ed\u00e7a) ou Google LLC (para outros usu\u00e1rios). O Google Analytics utiliza cookies para nos ajudar a analisar como os usu\u00e1rios utilizam o site. As informa\u00e7\u00f5es geradas pelo cookie sobre o seu uso do site (incluindo seu endere\u00e7o IP, que pode ser anonimizado antes do armazenamento) ser\u00e3o transmitidas e armazenadas pelo Google em servidores que podem estar localizados nos Estados Unidos.<\/p>\n<p>O Google usar\u00e1 essas informa\u00e7\u00f5es com o prop\u00f3sito de avaliar o seu uso do site, compilando relat\u00f3rios sobre a atividade no site para operadores de sites e fornecendo outros servi\u00e7os relativos \u00e0 atividade no site e uso da internet. O Google tamb\u00e9m pode transferir essas informa\u00e7\u00f5es para terceiros quando exigido por lei, ou onde tais terceiros processem as informa\u00e7\u00f5es em nome do Google.<\/p>\n<p>Voc\u00ea pode recusar o uso de cookies selecionando as configura\u00e7\u00f5es apropriadas no seu navegador. No entanto, observe que, se fizer isso, talvez n\u00e3o consiga usar todas as funcionalidades deste site. Al\u00e9m disso, voc\u00ea pode impedir a coleta de dados gerados pelo cookie e relacionados ao seu uso do site (incluindo seu IP) pelo Google, bem como o processamento desses dados pelo Google, baixando e instalando o plug-in do navegador dispon\u00edvel no seguinte link: <a href=\"https:\/\/tools.google.com\/dlpage\/gaoptout\">https:\/\/tools.google.com\/dlpage\/gaoptout<\/a><\/p>\n<p>Para mais informa\u00e7\u00f5es sobre os termos de servi\u00e7o do Google Analytics e a privacidade do Google, visite: <a href=\"https:\/\/marketingplatform.google.com\/about\/analytics\/terms\/br\/\">https:\/\/marketingplatform.google.com\/about\/analytics\/terms\/br\/<\/a><br \/>\ne <a href=\"https:\/\/policies.google.com\/privacy\">https:\/\/policies.google.com\/privacy<\/a> .<\/p>\n<p>Outros servi\u00e7os de terceiros inclui o Google Ads, cujos termos de servi\u00e7os podem ser consultados em <a href=\"https:\/\/support.google.com\/adspolicy\/answer\/54818?hl=pt-BR\">https:\/\/support.google.com\/adspolicy\/answer\/54818?hl=pt-BR<\/a><\/p>\n<p>**Gerenciamento de Cookies:**<\/p>\n<p>Voc\u00ea pode desativar a configura\u00e7\u00e3o de cookies ajustando as configura\u00e7\u00f5es do seu navegador (consulte a Ajuda do navegador para saber como fazer isso). Esteja ciente de que a desativa\u00e7\u00e3o de cookies pode afetar a funcionalidade deste e de muitos outros sites que voc\u00ea visita. Portanto, \u00e9 recomend\u00e1vel n\u00e3o desativar os cookies.<\/p>\n<p>Al\u00e9m das configura\u00e7\u00f5es do navegador, nosso site pode apresentar um banner de consentimento de cookies que permite gerenciar suas prefer\u00eancias de cookies de forma mais granular.<\/p>\n<p>**5. Reten\u00e7\u00e3o e Seguran\u00e7a dos Dados**<\/p>\n<p>Retemos as informa\u00e7\u00f5es coletadas pelo tempo necess\u00e1rio para fornecer o servi\u00e7o solicitado e para cumprir com obriga\u00e7\u00f5es legais ou resolver disputas. Quando n\u00e3o precisamos mais dos seus dados, eles ser\u00e3o exclu\u00eddos ou anonimizados de forma segura.<\/p>\n<p>Empregamos medidas t\u00e9cnicas e administrativas aptas a proteger os dados pessoais de acessos n\u00e3o autorizados e de situa\u00e7\u00f5es acidentais ou il\u00edcitas de destrui\u00e7\u00e3o, perda, altera\u00e7\u00e3o, comunica\u00e7\u00e3o ou difus\u00e3o. No entanto, nenhum m\u00e9todo de transmiss\u00e3o pela Internet ou m\u00e9todo de armazenamento eletr\u00f4nico \u00e9 100% seguro e n\u00e3o podemos garantir seguran\u00e7a absoluta.<\/p>\n<p>**6. Seus Direitos**<\/p>\n<p>De acordo com a Lei Geral de Prote\u00e7\u00e3o de Dados (LGPD) no Brasil (e regulamenta\u00e7\u00f5es similares como o GDPR, se aplic\u00e1vel), voc\u00ea possui direitos em rela\u00e7\u00e3o aos seus dados pessoais. Voc\u00ea tem o direito de:<\/p>\n<p>*\u00a0\u00a0 **Acesso:** Solicitar acesso aos seus dados pessoais que mantemos.<\/p>\n<p>*\u00a0\u00a0 **Corre\u00e7\u00e3o:** Solicitar a corre\u00e7\u00e3o de dados incompletos, inexatos ou desatualizados.<\/p>\n<p>*\u00a0\u00a0 **Anonimiza\u00e7\u00e3o, Bloqueio ou Elimina\u00e7\u00e3o:** Solicitar a anonimiza\u00e7\u00e3o, bloqueio ou elimina\u00e7\u00e3o de dados desnecess\u00e1rios, excessivos ou tratados em desconformidade com a lei.<\/p>\n<p>*\u00a0\u00a0 **Portabilidade:** Solicitar a portabilidade dos dados a outro fornecedor de servi\u00e7o ou produto, mediante requisi\u00e7\u00e3o expressa.<\/p>\n<p>*\u00a0\u00a0 **Elimina\u00e7\u00e3o:** Solicitar a elimina\u00e7\u00e3o dos dados pessoais tratados com o seu consentimento (sujeito a exce\u00e7\u00f5es legais).<\/p>\n<p>*\u00a0\u00a0 **Informa\u00e7\u00e3o:** Receber informa\u00e7\u00f5es sobre as entidades p\u00fablicas e privadas com as quais realizamos uso compartilhado de dados.<\/p>\n<p>*\u00a0\u00a0 **Revoga\u00e7\u00e3o do Consentimento:** Revogar o seu consentimento a qualquer momento, sem afetar a legalidade do tratamento baseado no consentimento antes da revoga\u00e7\u00e3o.<\/p>\n<p>*\u00a0\u00a0 **Oposi\u00e7\u00e3o:** Opor-se a atividades de tratamento realizadas com base em outras bases legais que n\u00e3o o consentimento, em caso de descumprimento da lei.<\/p>\n<p>Para exercer qualquer um desses direitos, por favor, entre em contato conosco atrav\u00e9s do e-mail: privacidade@bioquantico.com.<\/p>\n<p>**7. Links Externos**<\/p>\n<p>Nosso site pode conter links para sites externos que n\u00e3o s\u00e3o operados por n\u00f3s. Esteja ciente de que n\u00e3o temos controle sobre o conte\u00fado e pr\u00e1ticas desses sites e n\u00e3o podemos aceitar responsabilidade por suas respectivas pol\u00edticas de privacidade. Recomendamos que voc\u00ea revise as pol\u00edticas de privacidade de sites de terceiros antes de fornecer qualquer informa\u00e7\u00e3o pessoal.<\/p>\n<p>**8. Transfer\u00eancia Internacional de Dados**<\/p>\n<p>As informa\u00e7\u00f5es que coletamos podem ser armazenadas e processadas em qualquer pa\u00eds onde n\u00f3s ou nossos parceiros (como o Google, atrav\u00e9s do Google Analytics) mantemos instala\u00e7\u00f5es. Ao usar nosso site, voc\u00ea concorda com a transfer\u00eancia de informa\u00e7\u00f5es para fora do seu pa\u00eds, ciente de que esses locais podem ter leis de prote\u00e7\u00e3o de dados diferentes das do seu pa\u00eds.<\/p>\n<p>**9. Compromisso do Usu\u00e1rio**<\/p>\n<p>Como usu\u00e1rio do nosso site, voc\u00ea concorda em n\u00e3o se envolver em atividades ilegais ou contr\u00e1rias \u00e0 boa-f\u00e9 e \u00e0 ordem p\u00fablica; n\u00e3o difundir conte\u00fado ou propaganda de car\u00e1ter racista, xen\u00f3fobo, apostas online, pornografia ilegal, de apologia ao terrorismo ou contra os direitos humanos; n\u00e3o causar danos aos sistemas f\u00edsicos e l\u00f3gicos do Bioquantico, de seus fornecedores ou de terceiros para introduzir ou disseminar v\u00edrus inform\u00e1ticos ou quaisquer outros sistemas f\u00edsicos ou l\u00f3gicos que sejam capazes de causar os danos mencionados anteriormente.<\/p>\n<p>**10. Altera\u00e7\u00f5es a Esta Pol\u00edtica de Privacidade**<\/p>\n<p>Podemos atualizar esta Pol\u00edtica de Privacidade periodicamente para refletir mudan\u00e7as em nossas pr\u00e1ticas ou por raz\u00f5es operacionais, legais ou regulat\u00f3rias. Notificaremos voc\u00ea sobre quaisquer altera\u00e7\u00f5es significativas, publicando a nova Pol\u00edtica de Privacidade nesta p\u00e1gina e atualizando a data de &#8220;\u00daltima Atualiza\u00e7\u00e3o&#8221; no topo do documento. Recomendamos que voc\u00ea revise esta Pol\u00edtica de Privacidade periodicamente para quaisquer altera\u00e7\u00f5es.<\/p>\n<p>&nbsp;<\/p>\n<p>Ao continuar a usar nosso site ap\u00f3s quaisquer modifica\u00e7\u00f5es nesta pol\u00edtica, voc\u00ea estar\u00e1 aceitando tais altera\u00e7\u00f5es.<\/p>\n","protected":false},"excerpt":{"rendered":"<p>**Pol\u00edtica de Privacidade** &nbsp; \u00daltima Atualiza\u00e7\u00e3o: 18 de junho de 2025 &nbsp; A sua privacidade \u00e9 importante para n\u00f3s. \u00c9 pol\u00edtica do Bioquantico (&#8220;n\u00f3s&#8221;, &#8220;nosso&#8221;, &#8220;conosco&#8221;)<span class=\"excerpt-hellip\"> [\u2026]<\/span><\/p>\n","protected":false},"author":1,"featured_media":0,"parent":0,"menu_order":0,"comment_status":"closed","ping_status":"closed","template":"","meta":{"om_disable_all_campaigns":false,"_monsterinsights_skip_tracking":false,"_monsterinsights_sitenote_active":false,"_monsterinsights_sitenote_note":"","_monsterinsights_sitenote_category":0,"footnotes":""},"class_list":["post-68","page","type-page","status-publish","hentry"],"aioseo_notices":[],"_links":{"self":[{"href":"https:\/\/bioquantico.com\/website\/wp-json\/wp\/v2\/pages\/68","targetHints":{"allow":["GET"]}}],"collection":[{"href":"https:\/\/bioquantico.com\/website\/wp-json\/wp\/v2\/pages"}],"about":[{"href":"https:\/\/bioquantico.com\/website\/wp-json\/wp\/v2\/types\/page"}],"author":[{"embeddable":true,"href":"https:\/\/bioquantico.com\/website\/wp-json\/wp\/v2\/users\/1"}],"replies":[{"embeddable":true,"href":"https:\/\/bioquantico.com\/website\/wp-json\/wp\/v2\/comments?post=68"}],"version-history":[{"count":4,"href":"https:\/\/bioquantico.com\/website\/wp-json\/wp\/v2\/pages\/68\/revisions"}],"predecessor-version":[{"id":517,"href":"https:\/\/bioquantico.com\/website\/wp-json\/wp\/v2\/pages\/68\/revisions\/517"}],"wp:attachment":[{"href":"https:\/\/bioquantico.com\/website\/wp-json\/wp\/v2\/media?parent=68"}],"curies":[{"name":"wp","href":"https:\/\/api.w.org\/{rel}","templated":true}]}}